{"id":1385,"date":"2020-10-07T20:54:08","date_gmt":"2020-10-07T20:54:08","guid":{"rendered":"http:\/\/nestoromar.com.ar\/nestor\/?page_id=1385"},"modified":"2023-08-01T03:21:24","modified_gmt":"2023-08-01T03:21:24","slug":"m","status":"publish","type":"page","link":"https:\/\/nestoromar.com.ar\/nestor\/m\/","title":{"rendered":"M\u00fasica"},"content":{"rendered":"\t\t<div data-elementor-type=\"wp-page\" data-elementor-id=\"1385\" class=\"elementor elementor-1385\">\n\t\t\t\t\t\t<section class=\"elementor-section elementor-top-section elementor-element elementor-element-50a522aa elementor-section-boxed elementor-section-height-default elementor-section-height-default\" data-id=\"50a522aa\" data-element_type=\"section\" data-e-type=\"section\">\n\t\t\t\t\t\t<div class=\"elementor-container elementor-column-gap-default\">\n\t\t\t\t\t<div class=\"elementor-column elementor-col-100 elementor-top-column elementor-element elementor-element-65c0d6e5\" data-id=\"65c0d6e5\" data-element_type=\"column\" data-e-type=\"column\">\n\t\t\t<div class=\"elementor-widget-wrap elementor-element-populated\">\n\t\t\t\t\t\t<div class=\"elementor-element elementor-element-3b509405 elementor-widget elementor-widget-text-editor\" data-id=\"3b509405\" data-element_type=\"widget\" data-e-type=\"widget\" data-widget_type=\"text-editor.default\">\n\t\t\t\t<div class=\"elementor-widget-container\">\n\t\t\t\t\t\t\t\t\t<h4><strong>N\u00e9stor Omar<\/strong> cantor de tango<\/h4><p>Un cantor de raza que sabe llegar al coraz\u00f3n de la gente. Tras una extensa trayectoria como vocalista de Carlos Figari y m\u00e1s tarde con el tr\u00edo de Ernesto Baffa, grab\u00f3 su primer compacto, \u201c<strong>Testimonio tanguero<\/strong>\u201d. y Tambi\u00e9n \u00a0lo acompa\u00f1o Antonio Pisano, bandoneonista de Luisito Cardei.<\/p><p>.<\/p><div class=\"wp-playlist wp-audio-playlist wp-playlist-light\">\n\t\t\t<div class=\"wp-playlist-current-item\"><\/div>\n\t\t<audio controls=\"controls\" preload=\"none\" width=\"768\"\n\t\t\t><\/audio>\n\t<div class=\"wp-playlist-next\"><\/div>\n\t<div class=\"wp-playlist-prev\"><\/div>\n\t<noscript>\n\t<ol>\n\t\t<li><a href='https:\/\/nestoromar.com.ar\/nestor\/wp-content\/uploads\/2020\/10\/1.mp3'>Un Boliche<\/a><\/li><li><a href='https:\/\/nestoromar.com.ar\/nestor\/wp-content\/uploads\/2020\/10\/2.mp3'>Los Cosos de Al Lado<\/a><\/li><li><a href='https:\/\/nestoromar.com.ar\/nestor\/wp-content\/uploads\/2020\/10\/3.mp3'>La Novia Ausente<\/a><\/li><li><a href='https:\/\/nestoromar.com.ar\/nestor\/wp-content\/uploads\/2020\/10\/4.mp3'>Te Llaman Malevo<\/a><\/li><li><a href='https:\/\/nestoromar.com.ar\/nestor\/wp-content\/uploads\/2020\/10\/5.mp3'>Barrio Pobre<\/a><\/li><li><a href='https:\/\/nestoromar.com.ar\/nestor\/wp-content\/uploads\/2020\/10\/6.mp3'>Tu Palida Voz<\/a><\/li><li><a href='https:\/\/nestoromar.com.ar\/nestor\/wp-content\/uploads\/2020\/10\/7.mp3'>Caseron de Tejas<\/a><\/li><li><a href='https:\/\/nestoromar.com.ar\/nestor\/wp-content\/uploads\/2020\/10\/8.mp3'>Desorientado<\/a><\/li><li><a href='https:\/\/nestoromar.com.ar\/nestor\/wp-content\/uploads\/2020\/10\/9.mp3'>El Conventillo<\/a><\/li><li><a href='https:\/\/nestoromar.com.ar\/nestor\/wp-content\/uploads\/2020\/10\/10.mp3'>Amigos que yo quiero<\/a><\/li>\t<\/ol>\n\t<\/noscript>\n\t<script type=\"application\/json\" class=\"wp-playlist-script\">{\"type\":\"audio\",\"tracklist\":true,\"tracknumbers\":true,\"images\":true,\"artists\":true,\"tracks\":[{\"src\":\"https:\/\/nestoromar.com.ar\/nestor\/wp-content\/uploads\/2020\/10\/1.mp3\",\"type\":\"audio\/mpeg\",\"title\":\"Un Boliche\",\"caption\":\"Un Boliche - De Tito Caba\\u00f1o y Carlos Acu\\u00f1a\",\"description\":\"Un Boliche - De Tito Caba\\u00f1o y Carlos Acu\\u00f1a\",\"meta\":{\"artist\":\"N\\u00e9stor Omar\",\"album\":\"De Tito Caba\\u00f1o y Carlos Acu\\u00f1a\",\"length_formatted\":\"3:41\"},\"image\":{\"src\":\"https:\/\/nestoromar.com.ar\/nestor\/wp-includes\/images\/media\/audio.svg\",\"width\":48,\"height\":64},\"thumb\":{\"src\":\"https:\/\/nestoromar.com.ar\/nestor\/wp-includes\/images\/media\/audio.svg\",\"width\":48,\"height\":64}},{\"src\":\"https:\/\/nestoromar.com.ar\/nestor\/wp-content\/uploads\/2020\/10\/2.mp3\",\"type\":\"audio\/mpeg\",\"title\":\"Los Cosos de Al Lado\",\"caption\":\"Los Cosos de Al Lado - J. Cane y Marcos Larrosa\",\"description\":\"Los Cosos de Al Lado - J. Cane y Marcos Larrosa\",\"meta\":{\"artist\":\"N\\u00e9stor Omar\",\"album\":\"J. Cane y Marcos Larrosa\",\"length_formatted\":\"3:14\"},\"image\":{\"src\":\"https:\/\/nestoromar.com.ar\/nestor\/wp-includes\/images\/media\/audio.svg\",\"width\":48,\"height\":64},\"thumb\":{\"src\":\"https:\/\/nestoromar.com.ar\/nestor\/wp-includes\/images\/media\/audio.svg\",\"width\":48,\"height\":64}},{\"src\":\"https:\/\/nestoromar.com.ar\/nestor\/wp-content\/uploads\/2020\/10\/3.mp3\",\"type\":\"audio\/mpeg\",\"title\":\"La Novia Ausente\",\"caption\":\"La Novia Ausente - E. Cad\\u00edcamo y G. Barbieri\",\"description\":\"La Novia Ausente - E. Cad\\u00edcamo y G. Barbieri\",\"meta\":{\"album\":\"E. Cad\\u00edcamo y G. Barbieri\",\"length_formatted\":\"3:22\"},\"image\":{\"src\":\"https:\/\/nestoromar.com.ar\/nestor\/wp-includes\/images\/media\/audio.svg\",\"width\":48,\"height\":64},\"thumb\":{\"src\":\"https:\/\/nestoromar.com.ar\/nestor\/wp-includes\/images\/media\/audio.svg\",\"width\":48,\"height\":64}},{\"src\":\"https:\/\/nestoromar.com.ar\/nestor\/wp-content\/uploads\/2020\/10\/4.mp3\",\"type\":\"audio\/mpeg\",\"title\":\"Te Llaman Malevo\",\"caption\":\"Te Llaman Malevo - H.Exp\\u00f3sito y Anibal Troilo\",\"description\":\"Te Llaman Malevo - H.Exp\\u00f3sito y Anibal Troilo\",\"meta\":{\"artist\":\"N\\u00e9stor Omar\",\"album\":\"H.Exp\\u00f3sito y Anibal Troilo\",\"length_formatted\":\"3:13\"},\"image\":{\"src\":\"https:\/\/nestoromar.com.ar\/nestor\/wp-includes\/images\/media\/audio.svg\",\"width\":48,\"height\":64},\"thumb\":{\"src\":\"https:\/\/nestoromar.com.ar\/nestor\/wp-includes\/images\/media\/audio.svg\",\"width\":48,\"height\":64}},{\"src\":\"https:\/\/nestoromar.com.ar\/nestor\/wp-content\/uploads\/2020\/10\/5.mp3\",\"type\":\"audio\/mpeg\",\"title\":\"Barrio Pobre\",\"caption\":\"Barrio Pobre - Belvedere y Garc\\u00eda Gimenez\",\"description\":\"Barrio Pobre - Belvedere y Garc\\u00eda Gimenez\",\"meta\":{\"artist\":\"N\\u00e9stor Omar\",\"album\":\"Belvedere y Garc\\u00eda Gimenez\",\"length_formatted\":\"3:23\"},\"image\":{\"src\":\"https:\/\/nestoromar.com.ar\/nestor\/wp-includes\/images\/media\/audio.svg\",\"width\":48,\"height\":64},\"thumb\":{\"src\":\"https:\/\/nestoromar.com.ar\/nestor\/wp-includes\/images\/media\/audio.svg\",\"width\":48,\"height\":64}},{\"src\":\"https:\/\/nestoromar.com.ar\/nestor\/wp-content\/uploads\/2020\/10\/6.mp3\",\"type\":\"audio\/mpeg\",\"title\":\"Tu Palida Voz\",\"caption\":\"Tu Palida Voz - H. Manzi y Charlo\",\"description\":\"Tu Palida Voz - H. Manzi y Charlo\",\"meta\":{\"artist\":\"N\\u00e9stor Omar\",\"album\":\"H. Manzi y Charlo\",\"length_formatted\":\"3:08\"},\"image\":{\"src\":\"https:\/\/nestoromar.com.ar\/nestor\/wp-includes\/images\/media\/audio.svg\",\"width\":48,\"height\":64},\"thumb\":{\"src\":\"https:\/\/nestoromar.com.ar\/nestor\/wp-includes\/images\/media\/audio.svg\",\"width\":48,\"height\":64}},{\"src\":\"https:\/\/nestoromar.com.ar\/nestor\/wp-content\/uploads\/2020\/10\/7.mp3\",\"type\":\"audio\/mpeg\",\"title\":\"Caseron de Tejas\",\"caption\":\"Caseron de Tejas - Sebastian Piana y C\\u00e1tulo Castillo\",\"description\":\"Caseron de Tejas - Sebastian Piana y C\\u00e1tulo Castillo\",\"meta\":{\"artist\":\"N\\u00e9stor Omar\",\"album\":\"Sebastian Piana y C\\u00e1tulo Castillo\",\"length_formatted\":\"3:13\"},\"image\":{\"src\":\"https:\/\/nestoromar.com.ar\/nestor\/wp-includes\/images\/media\/audio.svg\",\"width\":48,\"height\":64},\"thumb\":{\"src\":\"https:\/\/nestoromar.com.ar\/nestor\/wp-includes\/images\/media\/audio.svg\",\"width\":48,\"height\":64}},{\"src\":\"https:\/\/nestoromar.com.ar\/nestor\/wp-content\/uploads\/2020\/10\/8.mp3\",\"type\":\"audio\/mpeg\",\"title\":\"Desorientado\",\"caption\":\"Desorientado - Marvil - Calo - Rubens\",\"description\":\"Desorientado - Marvil - Calo - Rubens\",\"meta\":{\"artist\":\"N\\u00e9stor Omar\",\"album\":\"Marvil - Calo - Rubens\",\"length_formatted\":\"3:09\"},\"image\":{\"src\":\"https:\/\/nestoromar.com.ar\/nestor\/wp-includes\/images\/media\/audio.svg\",\"width\":48,\"height\":64},\"thumb\":{\"src\":\"https:\/\/nestoromar.com.ar\/nestor\/wp-includes\/images\/media\/audio.svg\",\"width\":48,\"height\":64}},{\"src\":\"https:\/\/nestoromar.com.ar\/nestor\/wp-content\/uploads\/2020\/10\/9.mp3\",\"type\":\"audio\/mpeg\",\"title\":\"El Conventillo\",\"caption\":\"El Conventillo - F. Rolon y E. Baffa\",\"description\":\"El Conventillo - F. Rolon y E. Baffa\",\"meta\":{\"artist\":\"N\\u00e9stor Omar\",\"album\":\"F. Rolon y E. Baffa\",\"length_formatted\":\"2:55\"},\"image\":{\"src\":\"https:\/\/nestoromar.com.ar\/nestor\/wp-includes\/images\/media\/audio.svg\",\"width\":48,\"height\":64},\"thumb\":{\"src\":\"https:\/\/nestoromar.com.ar\/nestor\/wp-includes\/images\/media\/audio.svg\",\"width\":48,\"height\":64}},{\"src\":\"https:\/\/nestoromar.com.ar\/nestor\/wp-content\/uploads\/2020\/10\/10.mp3\",\"type\":\"audio\/mpeg\",\"title\":\"Amigos que yo quiero\",\"caption\":\"Amigos que yo quiero - Hugo Gutierrez\",\"description\":\"Amigos que yo quiero - Hugo Gutierrez\",\"meta\":{\"artist\":\"N\\u00e9stor Omar\",\"album\":\"Hugo Gutierrez\",\"length_formatted\":\"2:59\"},\"image\":{\"src\":\"https:\/\/nestoromar.com.ar\/nestor\/wp-includes\/images\/media\/audio.svg\",\"width\":48,\"height\":64},\"thumb\":{\"src\":\"https:\/\/nestoromar.com.ar\/nestor\/wp-includes\/images\/media\/audio.svg\",\"width\":48,\"height\":64}}]}<\/script>\n<\/div>\n\t<h4>.<\/h4><h4>\u00a0<\/h4>\t\t\t\t\t\t\t\t<\/div>\n\t\t\t\t<\/div>\n\t\t\t\t\t<\/div>\n\t\t<\/div>\n\t\t\t\t\t<\/div>\n\t\t<\/section>\n\t\t\t\t<\/div>\n\t\t","protected":false},"excerpt":{"rendered":"<p>N\u00e9stor Omar cantor de tango Un cantor de raza que sabe llegar al coraz\u00f3n de la gente. Tras una extensa trayectoria como vocalista de Carlos Figari y m\u00e1s tarde con el tr\u00edo de Ernesto Baffa, grab\u00f3 su primer compacto, \u201cTestimonio tanguero\u201d. y Tambi\u00e9n \u00a0lo acompa\u00f1o Antonio Pisano, bandoneonista de Luisito&#8230;<\/p>\n","protected":false},"author":2,"featured_media":1289,"parent":0,"menu_order":0,"comment_status":"closed","ping_status":"closed","template":"","meta":{"footnotes":""},"class_list":["post-1385","page","type-page","status-publish","has-post-thumbnail","hentry"],"_links":{"self":[{"href":"https:\/\/nestoromar.com.ar\/nestor\/wp-json\/wp\/v2\/pages\/1385","targetHints":{"allow":["GET"]}}],"collection":[{"href":"https:\/\/nestoromar.com.ar\/nestor\/wp-json\/wp\/v2\/pages"}],"about":[{"href":"https:\/\/nestoromar.com.ar\/nestor\/wp-json\/wp\/v2\/types\/page"}],"author":[{"embeddable":true,"href":"https:\/\/nestoromar.com.ar\/nestor\/wp-json\/wp\/v2\/users\/2"}],"replies":[{"embeddable":true,"href":"https:\/\/nestoromar.com.ar\/nestor\/wp-json\/wp\/v2\/comments?post=1385"}],"version-history":[{"count":12,"href":"https:\/\/nestoromar.com.ar\/nestor\/wp-json\/wp\/v2\/pages\/1385\/revisions"}],"predecessor-version":[{"id":1752,"href":"https:\/\/nestoromar.com.ar\/nestor\/wp-json\/wp\/v2\/pages\/1385\/revisions\/1752"}],"wp:featuredmedia":[{"embeddable":true,"href":"https:\/\/nestoromar.com.ar\/nestor\/wp-json\/wp\/v2\/media\/1289"}],"wp:attachment":[{"href":"https:\/\/nestoromar.com.ar\/nestor\/wp-json\/wp\/v2\/media?parent=1385"}],"curies":[{"name":"wp","href":"https:\/\/api.w.org\/{rel}","templated":true}]}}