{"id":1249,"date":"2020-09-30T21:38:00","date_gmt":"2020-09-30T21:38:00","guid":{"rendered":"http:\/\/nestoromar.com.ar\/nestor\/?page_id=1249"},"modified":"2023-08-01T03:19:03","modified_gmt":"2023-08-01T03:19:03","slug":"videos","status":"publish","type":"page","link":"https:\/\/nestoromar.com.ar\/nestor\/videos\/","title":{"rendered":"Videos"},"content":{"rendered":"\t\t<div data-elementor-type=\"wp-page\" data-elementor-id=\"1249\" class=\"elementor elementor-1249\">\n\t\t\t\t\t\t<section class=\"elementor-section elementor-top-section elementor-element elementor-element-59c2c904 elementor-section-boxed elementor-section-height-default elementor-section-height-default\" data-id=\"59c2c904\" data-element_type=\"section\" data-e-type=\"section\">\n\t\t\t\t\t\t<div class=\"elementor-container elementor-column-gap-default\">\n\t\t\t\t\t<div class=\"elementor-column elementor-col-100 elementor-top-column elementor-element elementor-element-246f2c36\" data-id=\"246f2c36\" data-element_type=\"column\" data-e-type=\"column\">\n\t\t\t<div class=\"elementor-widget-wrap elementor-element-populated\">\n\t\t\t\t\t\t<div class=\"elementor-element elementor-element-2f3fb30e elementor-widget elementor-widget-text-editor\" data-id=\"2f3fb30e\" data-element_type=\"widget\" data-e-type=\"widget\" data-widget_type=\"text-editor.default\">\n\t\t\t\t<div class=\"elementor-widget-container\">\n\t\t\t\t\t\t\t\t\t<h5><strong>Academia Nacional del Tango, Homenaje a Homero Manzi.<\/strong><\/h5><p>El Evento comienza con el Poeta Horacio Ferrer \u2013 Presidente de la Academia, Prosigue el Profesor Horacio Salas, con la s\u00edntesis de la vida de Homero Manzi &#8211; Luego el bandoneonista Walter R\u00edos, con el fuelle del gran An\u00edbal Troilo. Sigue el Vicepresidente de la Academia, Gabriel Soria, quien presenta y cierra el espect\u00e1culo con N\u00e9stor Omar con el fuelle de Antonio Pisano, interpretando 4 temas, \u201cBarrio de Tango\u201d y \u201cSur\u201d, de Homero Manzi, \u201cLos Cosos de Al Lao\u201d, de Jos\u00e9 y Marcos Larrosa, y \u201cEl \u00faltimo Guapo\u201d de Scatasso.<\/p><p><strong>I<\/strong><strong>nvitado N\u00e9stor Omar, videos destacados.<\/strong><\/p><div class=\"wp-playlist wp-video-playlist wp-playlist-light\">\n\t\t<video controls=\"controls\" preload=\"none\" width=\"768\"\n\t\t height=\"576\"\t><\/video>\n\t<div class=\"wp-playlist-next\"><\/div>\n\t<div class=\"wp-playlist-prev\"><\/div>\n\t<noscript>\n\t<ol>\n\t\t<li><a href='https:\/\/nestoromar.com.ar\/nestor\/wp-content\/uploads\/2020\/10\/Nestor_Omar_Academia_Portena_del_Lunfardo.mp4'>N\u00e9stor Omar Academia Porte\u00f1a del Lunfardo<\/a><\/li><li><a href='https:\/\/nestoromar.com.ar\/nestor\/wp-content\/uploads\/2020\/10\/Nestor-Omar_y_Antonio-Pisano_-_Sur_Academia-Naciona_del_Tango.mp4'>N\u00e9stor Omar y Antonio Pisano &#8211; Sur Academia Naciona del Tango.<\/a><\/li><li><a href='https:\/\/nestoromar.com.ar\/nestor\/wp-content\/uploads\/2020\/10\/Nestor-Omar_y_Antonio-Pisano_-_Los_Cosos_de_Al_lado_Academia-Naciona_del_Tango.mp4'>N\u00e9stor Omar y Antonio Pisano &#8211; Los Cosos de Al lado Academia Naciona del Tango<\/a><\/li><li><a href='https:\/\/nestoromar.com.ar\/nestor\/wp-content\/uploads\/2020\/10\/Nestor-Omar_y_Antonio-Pisano_-_El_Ultimo_Guapo_Academia-Naciona_del_Tango.mp4'>Nestor-Omar y Antonio &#8211; Pisano &#8211; El Ultimo Guapo &#8211; Academia Naciona del Tango<\/a><\/li><li><a href='https:\/\/nestoromar.com.ar\/nestor\/wp-content\/uploads\/2020\/10\/Nestor_Omar_Benificio_al_Hospital_Argerich_1.mp4'>N\u00e9stor Omar Benificio al Hospital Argerich 1\/2<\/a><\/li><li><a href='https:\/\/nestoromar.com.ar\/nestor\/wp-content\/uploads\/2020\/10\/Nestor_Omar_Benificio_al_Hospital_Argerich_2.mp4'>N\u00e9stor Omar Benificio al Hospital Argerich 2\/2<\/a><\/li>\t<\/ol>\n\t<\/noscript>\n\t<script type=\"application\/json\" class=\"wp-playlist-script\">{\"type\":\"video\",\"tracklist\":true,\"tracknumbers\":true,\"images\":true,\"artists\":true,\"tracks\":[{\"src\":\"https:\/\/nestoromar.com.ar\/nestor\/wp-content\/uploads\/2020\/10\/Nestor_Omar_Academia_Portena_del_Lunfardo.mp4\",\"type\":\"video\/mp4\",\"title\":\"N\\u00e9stor Omar Academia Porte\\u00f1a del Lunfardo\",\"caption\":\"N\\u00e9stor Omar Academia Porte\\u00f1a del Lunfardo\",\"description\":\"N\\u00e9stor Omar Academia Porte\\u00f1a del Lunfardo\",\"meta\":{\"length_formatted\":\"4:52\"},\"dimensions\":{\"original\":{\"width\":328,\"height\":240},\"resized\":{\"width\":768,\"height\":562}},\"image\":{\"src\":\"https:\/\/nestoromar.com.ar\/nestor\/wp-includes\/images\/media\/video.svg\",\"width\":48,\"height\":64},\"thumb\":{\"src\":\"https:\/\/nestoromar.com.ar\/nestor\/wp-includes\/images\/media\/video.svg\",\"width\":48,\"height\":64}},{\"src\":\"https:\/\/nestoromar.com.ar\/nestor\/wp-content\/uploads\/2020\/10\/Nestor-Omar_y_Antonio-Pisano_-_Sur_Academia-Naciona_del_Tango.mp4\",\"type\":\"video\/mp4\",\"title\":\"N\\u00e9stor Omar y Antonio Pisano - Sur Academia Naciona del Tango.\",\"caption\":\"N\\u00e9stor Omar y Antonio Pisano - Sur Academia Naciona del Tango.\",\"description\":\"N\\u00e9stor Omar y Antonio Pisano - Sur Academia Naciona del Tango.\",\"meta\":{\"length_formatted\":\"4:07\"},\"dimensions\":{\"original\":{\"width\":328,\"height\":240},\"resized\":{\"width\":768,\"height\":562}},\"image\":{\"src\":\"https:\/\/nestoromar.com.ar\/nestor\/wp-includes\/images\/media\/video.svg\",\"width\":48,\"height\":64},\"thumb\":{\"src\":\"https:\/\/nestoromar.com.ar\/nestor\/wp-includes\/images\/media\/video.svg\",\"width\":48,\"height\":64}},{\"src\":\"https:\/\/nestoromar.com.ar\/nestor\/wp-content\/uploads\/2020\/10\/Nestor-Omar_y_Antonio-Pisano_-_Los_Cosos_de_Al_lado_Academia-Naciona_del_Tango.mp4\",\"type\":\"video\/mp4\",\"title\":\"N\\u00e9stor Omar y Antonio Pisano - Los Cosos de Al lado Academia Naciona del Tango\",\"caption\":\"N\\u00e9stor Omar y Antonio Pisano - Los Cosos de Al lado Academia Naciona del Tango\",\"description\":\"N\\u00e9stor OmN\\u00e9stor Omar y Antonio Pisano - Los Cosos de Al lado Academia Naciona del Tangoar y Antonio Pisano - Los Cosos de Al lado Academia Naciona del Tango\",\"meta\":{\"length_formatted\":\"4:15\"},\"dimensions\":{\"original\":{\"width\":328,\"height\":240},\"resized\":{\"width\":768,\"height\":562}},\"image\":{\"src\":\"https:\/\/nestoromar.com.ar\/nestor\/wp-includes\/images\/media\/video.svg\",\"width\":48,\"height\":64},\"thumb\":{\"src\":\"https:\/\/nestoromar.com.ar\/nestor\/wp-includes\/images\/media\/video.svg\",\"width\":48,\"height\":64}},{\"src\":\"https:\/\/nestoromar.com.ar\/nestor\/wp-content\/uploads\/2020\/10\/Nestor-Omar_y_Antonio-Pisano_-_El_Ultimo_Guapo_Academia-Naciona_del_Tango.mp4\",\"type\":\"video\/mp4\",\"title\":\"Nestor-Omar y Antonio - Pisano - El Ultimo Guapo - Academia Naciona del Tango\",\"caption\":\"Nestor-Omar y Antonio - Pisano - El Ultimo Guapo - Academia Naciona del Tango\",\"description\":\"Nestor-Omar y Antonio - Pisano - El Ultimo Guapo - Academia Naciona del Tango\",\"meta\":{\"length_formatted\":\"3:08\"},\"dimensions\":{\"original\":{\"width\":328,\"height\":240},\"resized\":{\"width\":768,\"height\":562}},\"image\":{\"src\":\"https:\/\/nestoromar.com.ar\/nestor\/wp-includes\/images\/media\/video.svg\",\"width\":48,\"height\":64},\"thumb\":{\"src\":\"https:\/\/nestoromar.com.ar\/nestor\/wp-includes\/images\/media\/video.svg\",\"width\":48,\"height\":64}},{\"src\":\"https:\/\/nestoromar.com.ar\/nestor\/wp-content\/uploads\/2020\/10\/Nestor_Omar_Benificio_al_Hospital_Argerich_1.mp4\",\"type\":\"video\/mp4\",\"title\":\"N\\u00e9stor Omar Benificio al Hospital Argerich 1\/2\",\"caption\":\"N\\u00e9stor Omar Benificio al Hospital Argerich 1\/2\",\"description\":\"N\\u00e9stor Omar Benificio al Hospital Argerich 1\/2\",\"meta\":{\"length_formatted\":\"3:41\"},\"dimensions\":{\"original\":{\"width\":480,\"height\":360},\"resized\":{\"width\":768,\"height\":576}},\"image\":{\"src\":\"https:\/\/nestoromar.com.ar\/nestor\/wp-includes\/images\/media\/video.svg\",\"width\":48,\"height\":64},\"thumb\":{\"src\":\"https:\/\/nestoromar.com.ar\/nestor\/wp-includes\/images\/media\/video.svg\",\"width\":48,\"height\":64}},{\"src\":\"https:\/\/nestoromar.com.ar\/nestor\/wp-content\/uploads\/2020\/10\/Nestor_Omar_Benificio_al_Hospital_Argerich_2.mp4\",\"type\":\"video\/mp4\",\"title\":\"N\\u00e9stor Omar Benificio al Hospital Argerich 2\/2\",\"caption\":\"N\\u00e9stor Omar Benificio al Hospital Argerich 2\/2\",\"description\":\"N\\u00e9stor Omar Benificio al Hospital Argerich 2\/2\",\"meta\":{\"length_formatted\":\"2:53\"},\"dimensions\":{\"original\":{\"width\":480,\"height\":360},\"resized\":{\"width\":768,\"height\":576}},\"image\":{\"src\":\"https:\/\/nestoromar.com.ar\/nestor\/wp-includes\/images\/media\/video.svg\",\"width\":48,\"height\":64},\"thumb\":{\"src\":\"https:\/\/nestoromar.com.ar\/nestor\/wp-includes\/images\/media\/video.svg\",\"width\":48,\"height\":64}}]}<\/script>\n<\/div>\n\t<h4>\u00a0<\/h4><h4>.<\/h4><h4>\u00a0<\/h4>\t\t\t\t\t\t\t\t<\/div>\n\t\t\t\t<\/div>\n\t\t\t\t\t<\/div>\n\t\t<\/div>\n\t\t\t\t\t<\/div>\n\t\t<\/section>\n\t\t\t\t<\/div>\n\t\t","protected":false},"excerpt":{"rendered":"<p>Academia Nacional del Tango, Homenaje a Homero Manzi. El Evento comienza con el Poeta Horacio Ferrer \u2013 Presidente de la Academia, Prosigue el Profesor Horacio Salas, con la s\u00edntesis de la vida de Homero Manzi &#8211; Luego el bandoneonista Walter R\u00edos, con el fuelle del gran An\u00edbal Troilo. Sigue el&#8230;<\/p>\n","protected":false},"author":2,"featured_media":1236,"parent":0,"menu_order":0,"comment_status":"closed","ping_status":"closed","template":"","meta":{"footnotes":""},"class_list":["post-1249","page","type-page","status-publish","has-post-thumbnail","hentry"],"_links":{"self":[{"href":"https:\/\/nestoromar.com.ar\/nestor\/wp-json\/wp\/v2\/pages\/1249","targetHints":{"allow":["GET"]}}],"collection":[{"href":"https:\/\/nestoromar.com.ar\/nestor\/wp-json\/wp\/v2\/pages"}],"about":[{"href":"https:\/\/nestoromar.com.ar\/nestor\/wp-json\/wp\/v2\/types\/page"}],"author":[{"embeddable":true,"href":"https:\/\/nestoromar.com.ar\/nestor\/wp-json\/wp\/v2\/users\/2"}],"replies":[{"embeddable":true,"href":"https:\/\/nestoromar.com.ar\/nestor\/wp-json\/wp\/v2\/comments?post=1249"}],"version-history":[{"count":24,"href":"https:\/\/nestoromar.com.ar\/nestor\/wp-json\/wp\/v2\/pages\/1249\/revisions"}],"predecessor-version":[{"id":1743,"href":"https:\/\/nestoromar.com.ar\/nestor\/wp-json\/wp\/v2\/pages\/1249\/revisions\/1743"}],"wp:featuredmedia":[{"embeddable":true,"href":"https:\/\/nestoromar.com.ar\/nestor\/wp-json\/wp\/v2\/media\/1236"}],"wp:attachment":[{"href":"https:\/\/nestoromar.com.ar\/nestor\/wp-json\/wp\/v2\/media?parent=1249"}],"curies":[{"name":"wp","href":"https:\/\/api.w.org\/{rel}","templated":true}]}}