{"id":1209,"date":"2020-09-17T19:33:35","date_gmt":"2020-09-17T19:33:35","guid":{"rendered":"http:\/\/nestoromar.com.ar\/nestor\/?page_id=1209"},"modified":"2020-10-16T15:11:07","modified_gmt":"2020-10-16T15:11:07","slug":"nestor-omar","status":"publish","type":"page","link":"https:\/\/nestoromar.com.ar\/nestor\/nestor-omar\/","title":{"rendered":"N\u00e9stor Omar"},"content":{"rendered":"\n<p>Un cantor de raza que sabe llegar al coraz\u00f3n de la gente.<br>Tras una extensa trayectoria como vocalista de Carlos Figari y m\u00e1s tarde con el tr\u00edo de Ernesto Baffa.<br>Adem\u00e1s de aparecer peri\u00f3dicamente en el canal Solo Tango, de cantar en algunos de los m\u00e1s afamados escenarios porte\u00f1os, de haber triunfado en Espa\u00f1a, N\u00e9stor Omar ha grabado su primer compacto \u201cTestimonio tanguero\u201d, acompa\u00f1ado por los Guitarristas Mario Ben\u00edtez , Padre e Hijo.<br>Ha estado en escenario acompa\u00f1ado por Antonio Pisano, bandoneonista de Luisito Cardei, he invitado por este. Qui\u00e9n le ha dedicado un tema, en un demo antes de irse de este mundo, grabando el \u00faltimo tema de su trayectoria \u201cAmigos que yo Quiero\u201d, donde nombra a N\u00e9stor Omar.<br>N\u00e9stor Omar, ha tenido el honor, de haber realizado presentaciones en la Academia Nacional del Tango; y participado en el Homenaje a Manzi, junto a Pisano y Gabriel Soria (hoy Presidente de la Academia).<br>Gran presentaci\u00f3n en el Savoy, en el sal\u00f3n Azul. Actuaci\u00f3n en un evento para todos los representantes de todas las Cooperativas de la Rep\u00fablica Argentina. Organizado por el Director de la revista \u201cLazos Cooperativos\u201d, Rodriguez P\u00e9rez.<br>Tambi\u00e9n ha sido invitado a presentarse en \u201cLA GRAN MILONGA NACIONAL\u201d del 2017 y 2018, eventos organizados por el Gobierno de la Ciudad, sobre escenario en Av. De Mayo, donde cant\u00f3 junto a dos Guitarristas, Tom\u00e1s GONZALEZ, y su 2\u00aa.guitarra.<br>N\u00e9stor Omar los invita a disfrutar del tango, compartiendo sus temas.<\/p>\n\n\n\n<p><\/p>\n\n\n\n<p>.<\/p>\n","protected":false},"excerpt":{"rendered":"<p>Un cantor de raza que sabe llegar al coraz\u00f3n de la gente.<br \/>\nTras una extensa trayectoria como vocalista de Carlos Figari y m\u00e1s tarde con el tr\u00edo de Ernesto Baffa.<br \/>\nAdem\u00e1s de aparecer peri\u00f3dicamente en el canal Solo Tango, de cantar en algunos de los m\u00e1s afamados escenarios porte\u00f1os, de haber triunfado en Espa\u00f1a, N\u00e9stor Omar ha grabado su primer compacto \u201cTestimonio tanguero\u201d, acompa\u00f1ado por los Guitarristas Mario Ben\u00edtez , Padre e Hijo.<br \/>\nHa estado en escenario acompa\u00f1ado por Antonio Pisano, bandoneonista de Luisito Cardei, he invitado por este.<br \/>\n<a href=\"http:\/\/nestoromar.com.ar\/nestor\/nestor-omar\/\" title=\"NestorOmar\" target=\"_blank\" rel=\"noopener noreferrer\">Leer m\u00e1s<\/a><\/p>\n","protected":false},"author":2,"featured_media":0,"parent":0,"menu_order":0,"comment_status":"closed","ping_status":"closed","template":"","meta":{"footnotes":""},"class_list":["post-1209","page","type-page","status-publish","hentry"],"_links":{"self":[{"href":"https:\/\/nestoromar.com.ar\/nestor\/wp-json\/wp\/v2\/pages\/1209","targetHints":{"allow":["GET"]}}],"collection":[{"href":"https:\/\/nestoromar.com.ar\/nestor\/wp-json\/wp\/v2\/pages"}],"about":[{"href":"https:\/\/nestoromar.com.ar\/nestor\/wp-json\/wp\/v2\/types\/page"}],"author":[{"embeddable":true,"href":"https:\/\/nestoromar.com.ar\/nestor\/wp-json\/wp\/v2\/users\/2"}],"replies":[{"embeddable":true,"href":"https:\/\/nestoromar.com.ar\/nestor\/wp-json\/wp\/v2\/comments?post=1209"}],"version-history":[{"count":10,"href":"https:\/\/nestoromar.com.ar\/nestor\/wp-json\/wp\/v2\/pages\/1209\/revisions"}],"predecessor-version":[{"id":1565,"href":"https:\/\/nestoromar.com.ar\/nestor\/wp-json\/wp\/v2\/pages\/1209\/revisions\/1565"}],"wp:attachment":[{"href":"https:\/\/nestoromar.com.ar\/nestor\/wp-json\/wp\/v2\/media?parent=1209"}],"curies":[{"name":"wp","href":"https:\/\/api.w.org\/{rel}","templated":true}]}}